{"id":38,"date":"2024-07-20T14:27:39","date_gmt":"2024-07-20T19:27:39","guid":{"rendered":"https:\/\/rentaautoflorida.com\/?post_type=product&#038;p=38"},"modified":"2025-07-21T14:21:29","modified_gmt":"2025-07-21T19:21:29","slug":"mini-van","status":"publish","type":"product","link":"http:\/\/simplerentalcar.com\/rentar-auto\/producto\/mini-van\/","title":{"rendered":"Mini Van"},"content":{"rendered":"","protected":false},"excerpt":{"rendered":"<p style=\"text-align: justify;\">Renta <strong> Van en Orlando, Miami y Fort Lauderdale<\/strong> Te garantizamos que nuestros precios son los mejores, Adem\u00e1s, ten la seguridad de que, para apartar tu auto, sin importar el n\u00famero de d\u00edas, no te cobraremos m\u00e1s de <strong>$ 9,99 USD<\/strong><\/p>\n<h5><strong>Tu Reserva Incluye<\/strong><\/h5>\n<ul>\n<li>(\u2714) Seguros:\u00a0 B\u00e1sicos LIS, Seguro a Terceros LDW ,<\/li>\n<li>(\u2714) 2 conductores habilitados (+25),<\/li>\n<li>(\u2714)Millas ilimitadas en Florida, Sin Limite de Kilometraje<\/li>\n<li>(\u2714)ASISTENCIA<\/li>\n<\/ul>\n","protected":false},"featured_media":41,"comment_status":"closed","ping_status":"closed","template":"","meta":[],"product_cat":[21],"product_tag":[24,22,23],"class_list":{"0":"post-38","1":"product","2":"type-product","3":"status-publish","4":"has-post-thumbnail","6":"product_cat-mini-van","7":"product_tag-fort-lauderdale","8":"product_tag-miami","9":"product_tag-orlando","11":"first","12":"instock","13":"shipping-taxable","14":"purchasable","15":"product-type-ovabrw_car_rental"},"_links":{"self":[{"href":"http:\/\/simplerentalcar.com\/rentar-auto\/wp-json\/wp\/v2\/product\/38","targetHints":{"allow":["GET"]}}],"collection":[{"href":"http:\/\/simplerentalcar.com\/rentar-auto\/wp-json\/wp\/v2\/product"}],"about":[{"href":"http:\/\/simplerentalcar.com\/rentar-auto\/wp-json\/wp\/v2\/types\/product"}],"replies":[{"embeddable":true,"href":"http:\/\/simplerentalcar.com\/rentar-auto\/wp-json\/wp\/v2\/comments?post=38"}],"wp:featuredmedia":[{"embeddable":true,"href":"http:\/\/simplerentalcar.com\/rentar-auto\/wp-json\/wp\/v2\/media\/41"}],"wp:attachment":[{"href":"http:\/\/simplerentalcar.com\/rentar-auto\/wp-json\/wp\/v2\/media?parent=38"}],"wp:term":[{"taxonomy":"product_cat","embeddable":true,"href":"http:\/\/simplerentalcar.com\/rentar-auto\/wp-json\/wp\/v2\/product_cat?post=38"},{"taxonomy":"product_tag","embeddable":true,"href":"http:\/\/simplerentalcar.com\/rentar-auto\/wp-json\/wp\/v2\/product_tag?post=38"}],"curies":[{"name":"wp","href":"https:\/\/api.w.org\/{rel}","templated":true}]}}