{"id":36,"date":"2024-07-20T14:19:32","date_gmt":"2024-07-20T19:19:32","guid":{"rendered":"https:\/\/rentaautoflorida.com\/?post_type=product&#038;p=36"},"modified":"2025-07-21T14:21:36","modified_gmt":"2025-07-21T19:21:36","slug":"suv","status":"publish","type":"product","link":"https:\/\/simplerentalcar.com\/rentar-auto\/producto\/suv\/","title":{"rendered":"SUV"},"content":{"rendered":"","protected":false},"excerpt":{"rendered":"<p style=\"text-align: justify;\">Renta <strong> SUV en Orlando, Miami y Fort Lauderdale<\/strong> Te garantizamos que nuestros precios son los mejores, Adem\u00e1s, ten la seguridad de que, para apartar tu auto, sin importar el n\u00famero de d\u00edas, no te cobraremos m\u00e1s de <strong>$ 9,99 USD<\/strong><\/p>\n<h5><strong>Tu Reserva Incluye<\/strong><\/h5>\n<ul>\n<li>(\u2714) Seguros:\u00a0 B\u00e1sicos LIS, Seguro a Terceros LDW ,<\/li>\n<li>(\u2714) 2 conductores habilitados (+25),<\/li>\n<li>(\u2714)Millas ilimitadas en Florida, Sin Limite de Kilometraje<\/li>\n<li>(\u2714)ASISTENCIA<\/li>\n<\/ul>\n","protected":false},"featured_media":387,"comment_status":"closed","ping_status":"closed","template":"","meta":[],"product_cat":[19],"product_tag":[24,22,23],"class_list":{"0":"post-36","1":"product","2":"type-product","3":"status-publish","4":"has-post-thumbnail","6":"product_cat-suv","7":"product_tag-fort-lauderdale","8":"product_tag-miami","9":"product_tag-orlando","11":"first","12":"instock","13":"shipping-taxable","14":"purchasable","15":"product-type-ovabrw_car_rental"},"_links":{"self":[{"href":"https:\/\/simplerentalcar.com\/rentar-auto\/wp-json\/wp\/v2\/product\/36","targetHints":{"allow":["GET"]}}],"collection":[{"href":"https:\/\/simplerentalcar.com\/rentar-auto\/wp-json\/wp\/v2\/product"}],"about":[{"href":"https:\/\/simplerentalcar.com\/rentar-auto\/wp-json\/wp\/v2\/types\/product"}],"replies":[{"embeddable":true,"href":"https:\/\/simplerentalcar.com\/rentar-auto\/wp-json\/wp\/v2\/comments?post=36"}],"wp:featuredmedia":[{"embeddable":true,"href":"https:\/\/simplerentalcar.com\/rentar-auto\/wp-json\/wp\/v2\/media\/387"}],"wp:attachment":[{"href":"https:\/\/simplerentalcar.com\/rentar-auto\/wp-json\/wp\/v2\/media?parent=36"}],"wp:term":[{"taxonomy":"product_cat","embeddable":true,"href":"https:\/\/simplerentalcar.com\/rentar-auto\/wp-json\/wp\/v2\/product_cat?post=36"},{"taxonomy":"product_tag","embeddable":true,"href":"https:\/\/simplerentalcar.com\/rentar-auto\/wp-json\/wp\/v2\/product_tag?post=36"}],"curies":[{"name":"wp","href":"https:\/\/api.w.org\/{rel}","templated":true}]}}